{"id":916,"date":"2025-01-17T22:03:11","date_gmt":"2025-01-17T21:03:11","guid":{"rendered":"https:\/\/web.cs.infn.it\/wordpress\/?page_id=916"},"modified":"2025-01-17T22:03:11","modified_gmt":"2025-01-17T21:03:11","slug":"note-legali","status":"publish","type":"page","link":"https:\/\/web.cs.infn.it\/wordpress\/note-legali\/","title":{"rendered":"Note Legali"},"content":{"rendered":"\n<p>FINALITA\u2019 \u2013 Questo sito ha lo scopo di fornire un\u2019informazione gratuita e sempre accessibile sulle attivit\u00e0 istituzionali dell&#8217;INFN (Gruppo Collegato di Cosenza). L&#8217;INFN (Gruppo Collegato di Cosenza) si riserva il diritto di aggiornare i contenuti del sito e di queste note legali senza alcun preavviso.<\/p>\n\n\n\n<p>TRATTAMENTO DATI PERSONALI \u2013 vedi in privacy policy<\/p>\n\n\n\n<p>COPYRIGHT \u2013 Tutti i contenuti del sito, ivi incluso l\u2019emblema dell\u2019Istituto, sono protetti dalle norme sul diritto d\u2019autore e nei casi previsti da quelle sui brevetti e in genere sulla propriet\u00e0 intellettuale.<\/p>\n\n\n\n<p>Qualsiasi utilizzo dei contenuti inseriti nel presente sito:<\/p>\n\n\n\n<ul class=\"wp-block-list\">\n<li>deve assicurare l\u2019integrit\u00e0 dei dati e delle informazioni riprodotte; non deve ledere il diritto all\u2019immagine, all\u2019onore, al decoro e alla reputazione dell\u2019INFN e delle persone eventualmente fotografate, riprese o citate.<\/li>\n\n\n\n<li>\u00e8 consentito gratuitamente per le sole finalit\u00e0 scientifico-divulgative e didattiche purch\u00e9 sia fatta menzione delle note di copyright, degli autori ove indicati e comunque della fonte stessa;<\/li>\n\n\n\n<li>\u00e8 vietato per finalit\u00e0 diverse, e comunque commerciali, senza il previo consenso scritto dell\u2019INFN che ne definisca il contenuto giuridico ed economico.<\/li>\n<\/ul>\n\n\n\n<p>In nessun caso l\u2019eventuale autorizzazione all\u2019utilizzo dei contenuti del presente sito conferisce diritti d\u2019esclusiva.<\/p>\n\n\n\n<p>Eventuali prodotti o societ\u00e0 menzionati in questo sito sono marchi dei rispettivi proprietari o titolari e possono essere protetti da brevetti e\/o copyright concessi o registrati dalle autorit\u00e0 preposte: il loro eventuale utilizzo \u00e8 consentito solo ad uso personale.<\/p>\n\n\n\n<p>La creazione di \u201clink\u201d con le pagine del presente sito \u00e8 autorizzata a condizione che:<\/p>\n\n\n\n<p>\u2013&nbsp;&nbsp;&nbsp;&nbsp;&nbsp;&nbsp;&nbsp; la finestra del browser non contenga alcun\u2019altra informazione al di fuori della pagina del presente sito verso la quale \u00e8 operato il rinvio nonch\u00e9 l\u2019indirizzo del medesimo;<\/p>\n\n\n\n<p>\u2013&nbsp;&nbsp;&nbsp;&nbsp;&nbsp;&nbsp;&nbsp; non venga alterata alcuna informazione fornita nel presente sito.<\/p>\n\n\n\n<p>RESPONSABILITA\u2019 \u2013 La pubblicazione sul presente sito di atti o provvedimenti amministrativi produce effetti di pubblicit\u00e0 legale solo nei casi e nei modi previsti dall\u2019ordinamento: a tale fine l\u2019INFN garantisce che le informazioni contenute sul sito sono conformi e corrispondenti alle informazioni contenute nei provvedimenti amministrativi originali.<\/p>\n\n\n\n<p>I testi di legge contenuti nel presente sito non hanno alcun effetto legale, valendo solo le versioni pubblicate nella Gazzetta Ufficiale della Repubblica Italiana e della Raccolta ufficiale delle leggi e dei decreti della Repubblica Italiana.<\/p>\n\n\n\n<p>In nessun caso l\u2019INFN potr\u00e0 essere ritenuto responsabile dei danni, errori o omissioni di qualsiasi natura causati direttamente o indirettamente dall\u2019accesso al sito, dall\u2019utilizzo degli strumenti interattivi, dall\u2019incapacit\u00e0 o impossibilit\u00e0 di accedervi, dall\u2019utilizzo delle notizie in esso contenute.<\/p>\n\n\n\n<p>La presente clausola di esclusione di responsabilit\u00e0 non ha lo scopo di eludere il rispetto di requisiti prescritti dalla legislazione nazionale vigente, n\u00e9 di escludere la responsabilit\u00e0 nei casi per i quali essa sussiste ai sensi della stessa legislazione.<\/p>\n\n\n\n<p>I collegamenti esterni sono forniti come servizio agli utenti senza assumere responsabilit\u00e0 alcuna sui collegamenti operati e sul loro contenuto.<\/p>\n\n\n\n<p>WEBMASTER: per eventuali informazioni, autorizzazioni, errori o malfunzionamenti del sito rivolgersi all\u2019indirizzo <a href=\"mailto:cdrweb@lnf.infn.it\">alessandro.tarasio@infn.it<\/a><\/p>\n","protected":false},"excerpt":{"rendered":"<p>FINALITA\u2019 \u2013 Questo sito ha lo scopo di fornire un\u2019informazione gratuita e sempre accessibile sulle attivit\u00e0 istituzionali dell&#8217;INFN (Gruppo Collegato di Cosenza). L&#8217;INFN (Gruppo Collegato di Cosenza) si riserva il diritto di aggiornare i contenuti del sito e di queste note legali senza alcun preavviso. TRATTAMENTO DATI PERSONALI \u2013 vedi in privacy policy COPYRIGHT \u2013 [&hellip;]<\/p>\n","protected":false},"author":1,"featured_media":0,"parent":0,"menu_order":0,"comment_status":"closed","ping_status":"closed","template":"","meta":{"footnotes":""},"class_list":["post-916","page","type-page","status-publish","hentry"],"_links":{"self":[{"href":"https:\/\/web.cs.infn.it\/wordpress\/wp-json\/wp\/v2\/pages\/916","targetHints":{"allow":["GET"]}}],"collection":[{"href":"https:\/\/web.cs.infn.it\/wordpress\/wp-json\/wp\/v2\/pages"}],"about":[{"href":"https:\/\/web.cs.infn.it\/wordpress\/wp-json\/wp\/v2\/types\/page"}],"author":[{"embeddable":true,"href":"https:\/\/web.cs.infn.it\/wordpress\/wp-json\/wp\/v2\/users\/1"}],"replies":[{"embeddable":true,"href":"https:\/\/web.cs.infn.it\/wordpress\/wp-json\/wp\/v2\/comments?post=916"}],"version-history":[{"count":1,"href":"https:\/\/web.cs.infn.it\/wordpress\/wp-json\/wp\/v2\/pages\/916\/revisions"}],"predecessor-version":[{"id":917,"href":"https:\/\/web.cs.infn.it\/wordpress\/wp-json\/wp\/v2\/pages\/916\/revisions\/917"}],"wp:attachment":[{"href":"https:\/\/web.cs.infn.it\/wordpress\/wp-json\/wp\/v2\/media?parent=916"}],"curies":[{"name":"wp","href":"https:\/\/api.w.org\/{rel}","templated":true}]}}