{"id":783,"date":"2024-12-30T20:13:52","date_gmt":"2024-12-30T19:13:52","guid":{"rendered":"https:\/\/web.cs.infn.it\/wordpress\/?page_id=783"},"modified":"2025-09-20T21:55:48","modified_gmt":"2025-09-20T19:55:48","slug":"il-data-center-recas-cosenza","status":"publish","type":"page","link":"https:\/\/web.cs.infn.it\/wordpress\/il-data-center-recas-cosenza\/","title":{"rendered":"ReCaS-Cosenza"},"content":{"rendered":"\n<figure class=\"wp-block-image size-full\"><img loading=\"lazy\" decoding=\"async\" width=\"468\" height=\"150\" src=\"https:\/\/web.cs.infn.it\/wordpress\/wp-content\/uploads\/2025\/09\/logo-recas-1.jpg\" alt=\"\" class=\"wp-image-1183\" srcset=\"https:\/\/web.cs.infn.it\/wordpress\/wp-content\/uploads\/2025\/09\/logo-recas-1.jpg 468w, https:\/\/web.cs.infn.it\/wordpress\/wp-content\/uploads\/2025\/09\/logo-recas-1-300x96.jpg 300w\" sizes=\"auto, (max-width: 468px) 100vw, 468px\" \/><\/figure>\n\n\n\n<p class=\"has-text-align-left\">Il data center ReCaS-Cosenza \u00e8 stato realizzato all\u2019interno dell\u2019Universit\u00e0 della Calabria, dall&#8217;Istituto Nazionale di Fisica Nucleare (INFN) nell\u2019ambito del progetto <a href=\"http:\/\/www.pon-recas.it\/\" target=\"_blank\" rel=\"noreferrer noopener\">ReCaS<\/a> (PON Ricerca e Competitivit\u00e0 2007-2013, Avviso 254\/Ric). Rete di Calcolo per SuperB e altre applicazioni. Finanziamento totale ReCaS: 13.7 Meuro (Decreto Direttoriale n.957\/Ric. dell&#8217;11 novembre 2011). L&#8217;obiettivo del progetto ReCaS \u00e8 stato il potenziamento di alcune infrastrutture di calcolo gi\u00e0 esistenti a Catania, Cosenza, Napoli e Bari. Il progetto \u00e8 suddiviso in 10% Formazione, 90 % Potenziamento infrastrutturale. Soggetti coinvolti nel progetto: INFN (sedi di NA, BA, CT, CS), Universit\u00e0 di Napoli Federico II, Universit\u00e0 di Bari Aldo Moro (Budget in ME: 6.9 INFN, 2.1 UniNA, 4.7 UniBA ). Sinergie operative con Univ. Catania, Univ. Calabria e PoliBA. Durata del Progetto: 1 ottobre 2011 \u2013 31 dicembre 2014. Il data center ReCaS-Cosenza \u00e8 stato completato prima della fine del progetto ad ottobre 2014. A Cosenza,&nbsp;presso il Dipartimento di Fisica dell\u2019Universit\u00e0 della Calabria, e pi\u00f9 precisamente presso il cubo 30 D, gi\u00e0 a partire dal 2014 \u00e8 entrato in funzione un moderno data center realizzato dal gruppo collegato INFN di Cosenza per far fronte ad una crescente necessit\u00e0 di &nbsp;calcolo scientifico proveniente dai gruppi sperimentali e teorici operanti al suo interno e dall\u2019interno del Dipartimento di Fisica. In particolare degli esperimenti &nbsp;<a href=\"https:\/\/home.cern\/science\/experiments\/atlas\">ATLAS<\/a> , in svolgimento presso il <a href=\"http:\/\/home.web.cern.ch\/topics\/large-hadron-collider\" target=\"_blank\" rel=\"noreferrer noopener\">Large Hadron Collider<\/a> (LHC) al <a href=\"http:\/\/home.web.cern.ch\/topics\/large-hadron-collider\" target=\"_blank\" rel=\"noreferrer noopener\">CERN<\/a> di Ginevra, e <a href=\"https:\/\/www.belle2.org\/\">Belle II<\/a> presso il centro di rierca KEK di Tsukuba. <\/p>\n\n\n\n<figure class=\"wp-block-image size-large\"><img decoding=\"async\" src=\"https:\/\/web.cs.infn.it\/wordpress\/wp-content\/uploads\/2024\/12\/Prima_fila-1-1024x768.jpg\" alt=\"\" class=\"wp-image-807\"\/><\/figure>\n\n\n\n<p>Col passare del tempo si \u00e8 realizzata e potenziata una infrastruttura di calcolo e storage in ottica Grid e Cloud distribuita nelle quattro regioni convergenza: Calabria, Campania, Puglia e Sicilia a supporto della comunit\u00e0 scientifica delle collaborazione e di tutti gli esperimenti di Fisica delle Alte Energie al Large Hadron Collider (LHC) del CERN: Esp. ATLAS, CMS, ALICE, LHCb. La sede di Cosenza a differenza delle altre sedi del progetto \u00e8 stata una vera e propria start-up nel contesto regionale e di Ateneo, ci\u00f2 nonostante \u00e8 divenuta presto un\u2019importante infrastruttura per la regione Calabria e l\u2019unico sito grid (Tier3 ATLAS) ospitato dalla regione. Inizialmente le quote del progetto riservate alla sede di Cosenza sono state 1.250.439 per il Potenziamento infrastrutturale e 75.000 per la Formazione.Con il passare degli anni il data center ReCaS-Cosenza \u00e8 cresciuto anche grazie ad uno degli upgrade del progetto <a href=\"https:\/\/star.unical.it\/aree-di-supporto\/\">STAR<\/a> di cui il data center ReCas-Cosenza \u00e8 divenuto il referente ed il principale in termini di calcolo e storage.Oggi il data center ReCas-Cosenza pu\u00f2 contare su un\u2019<strong>impiantistica<\/strong> efficiente, ridondante ed espandibile (fattore 2 rispetto all\u2019attuale carico IT (~50kW)) elencata di seguito:<\/p>\n\n\n\n<ul class=\"wp-block-list\">\n<li><strong>Nr. 8 armadi rack con nr. 10 scambiatori aria-acqua;<\/strong><\/li>\n\n\n\n<li>Sistema Chiller per il raffreddamento dell\u2019acqua e relativo impianto idraulico;<\/li>\n\n\n\n<li>Fornitura in opera di un Gruppo Elettrogeno di soccorso;<\/li>\n\n\n\n<li>Sistema di back-up di energia tramite UPS;<\/li>\n\n\n\n<li>Quadro elettrici (BT) e sistema di distribuzione dell\u2019energia elettrica;<\/li>\n\n\n\n<li>Cablaggio in rame e fibra;<\/li>\n\n\n\n<li>Sistema di telecontrollo e monitoraggio impianti e fattori ambientali;<\/li>\n\n\n\n<li>Impianto antincendio;<\/li>\n<\/ul>\n\n\n\n<figure class=\"wp-block-image size-full is-resized\"><img loading=\"lazy\" decoding=\"async\" width=\"567\" height=\"378\" src=\"https:\/\/web.cs.infn.it\/wordpress\/wp-content\/uploads\/2024\/12\/immagine-9.png\" alt=\"\" class=\"wp-image-793\" style=\"width:999px;height:auto\" srcset=\"https:\/\/web.cs.infn.it\/wordpress\/wp-content\/uploads\/2024\/12\/immagine-9.png 567w, https:\/\/web.cs.infn.it\/wordpress\/wp-content\/uploads\/2024\/12\/immagine-9-300x200.png 300w\" sizes=\"auto, (max-width: 567px) 100vw, 567px\" \/><\/figure>\n\n\n\n<p>La <strong>potenza di calcolo<\/strong> acquisita con il progetto &nbsp;ReCaS, e successivaamente con l\u2019upgrade del progetto STAR,&nbsp;&nbsp;consiste in <strong>80 server<\/strong>, <strong>per un totale di circa 4000 core<\/strong> &nbsp;<strong>e 20 TB di RAM<\/strong>.&nbsp;Pi\u00f9 recentemente si \u00e8 dotato di ulteriori server con 10 delle pi\u00f9 recenti GPU ( <strong>6 GPU <a href=\"https:\/\/www.nvidia.com\/it-it\/data-center\/a100\/\" data-type=\"link\" data-id=\"https:\/\/www.nvidia.com\/it-it\/data-center\/a100\/\">nvidia A100<\/a> 80GB, e 4 GPU <a href=\"https:\/\/www.nvidia.com\/it-it\/data-center\/l40s\/\" data-type=\"link\" data-id=\"https:\/\/www.nvidia.com\/it-it\/data-center\/l40s\/\">nvidia L40S<\/a> da 48GB<\/strong>). Il data center ReCaS-Cosenza dispone sia una partizione Grid che di un cluster dedicato al calcolo HPC (High Performance Computing) per eseguire applicazioni computing intensive e codici MPI.<\/p>\n\n\n\n<figure class=\"wp-block-image size-full is-resized\"><img loading=\"lazy\" decoding=\"async\" width=\"569\" height=\"214\" src=\"https:\/\/web.cs.infn.it\/wordpress\/wp-content\/uploads\/2024\/12\/immagine-10.png\" alt=\"\" class=\"wp-image-794\" style=\"width:872px;height:auto\" srcset=\"https:\/\/web.cs.infn.it\/wordpress\/wp-content\/uploads\/2024\/12\/immagine-10.png 569w, https:\/\/web.cs.infn.it\/wordpress\/wp-content\/uploads\/2024\/12\/immagine-10-300x113.png 300w\" sizes=\"auto, (max-width: 569px) 100vw, 569px\" \/><\/figure>\n\n\n\n<p>Tutti i server sono interconnessi, con tecnologia Ethernet 10Gb\/s mentre l\u2019interconnessione verso la struttura che ospita <strong><a href=\"https:\/\/star.unical.it\/aree-di-supporto\/\" data-type=\"link\" data-id=\"https:\/\/star.unical.it\/aree-di-supporto\/\">STAR<\/a><\/strong> \u00e8 a <strong>40 Gb\/s<\/strong> ed a bassa latenza, al fine di aumentare la velocit\u00e0 di scambio dei dati tra sorgente a raggi X e centro di elaborazione e post processing dei dati.Il nuovo data center ReCaS-Cosenza come le altri sedi del progetto ReCaS ha un forte orientamento all\u2019uso di software open source: di fatto tutto il sistema di gestione del data center \u00e8 basato su software open source.<\/p>\n\n\n\n<figure class=\"wp-block-image size-large\"><img loading=\"lazy\" decoding=\"async\" width=\"768\" height=\"1024\" src=\"https:\/\/web.cs.infn.it\/wordpress\/wp-content\/uploads\/2024\/12\/Seconda_fila-768x1024.jpg\" alt=\"\" class=\"wp-image-801\" srcset=\"https:\/\/web.cs.infn.it\/wordpress\/wp-content\/uploads\/2024\/12\/Seconda_fila-768x1024.jpg 768w, https:\/\/web.cs.infn.it\/wordpress\/wp-content\/uploads\/2024\/12\/Seconda_fila-225x300.jpg 225w, https:\/\/web.cs.infn.it\/wordpress\/wp-content\/uploads\/2024\/12\/Seconda_fila-1152x1536.jpg 1152w, https:\/\/web.cs.infn.it\/wordpress\/wp-content\/uploads\/2024\/12\/Seconda_fila-1536x2048.jpg 1536w, https:\/\/web.cs.infn.it\/wordpress\/wp-content\/uploads\/2024\/12\/Seconda_fila-scaled.jpg 1920w\" sizes=\"auto, (max-width: 768px) 100vw, 768px\" \/><\/figure>\n\n\n\n<p><\/p>\n","protected":false},"excerpt":{"rendered":"<p>Il data center ReCaS-Cosenza \u00e8 stato realizzato all\u2019interno dell\u2019Universit\u00e0 della Calabria, dall&#8217;Istituto Nazionale di Fisica Nucleare (INFN) nell\u2019ambito del progetto ReCaS (PON Ricerca e Competitivit\u00e0 2007-2013, Avviso 254\/Ric). Rete di Calcolo per SuperB e altre applicazioni. Finanziamento totale ReCaS: 13.7 Meuro (Decreto Direttoriale n.957\/Ric. dell&#8217;11 novembre 2011). L&#8217;obiettivo del progetto ReCaS \u00e8 stato il potenziamento [&hellip;]<\/p>\n","protected":false},"author":1,"featured_media":0,"parent":0,"menu_order":0,"comment_status":"closed","ping_status":"closed","template":"wp-custom-template-re-ca-s-cosenza","meta":{"footnotes":""},"class_list":["post-783","page","type-page","status-publish","hentry"],"_links":{"self":[{"href":"https:\/\/web.cs.infn.it\/wordpress\/wp-json\/wp\/v2\/pages\/783","targetHints":{"allow":["GET"]}}],"collection":[{"href":"https:\/\/web.cs.infn.it\/wordpress\/wp-json\/wp\/v2\/pages"}],"about":[{"href":"https:\/\/web.cs.infn.it\/wordpress\/wp-json\/wp\/v2\/types\/page"}],"author":[{"embeddable":true,"href":"https:\/\/web.cs.infn.it\/wordpress\/wp-json\/wp\/v2\/users\/1"}],"replies":[{"embeddable":true,"href":"https:\/\/web.cs.infn.it\/wordpress\/wp-json\/wp\/v2\/comments?post=783"}],"version-history":[{"count":10,"href":"https:\/\/web.cs.infn.it\/wordpress\/wp-json\/wp\/v2\/pages\/783\/revisions"}],"predecessor-version":[{"id":1184,"href":"https:\/\/web.cs.infn.it\/wordpress\/wp-json\/wp\/v2\/pages\/783\/revisions\/1184"}],"wp:attachment":[{"href":"https:\/\/web.cs.infn.it\/wordpress\/wp-json\/wp\/v2\/media?parent=783"}],"curies":[{"name":"wp","href":"https:\/\/api.w.org\/{rel}","templated":true}]}}