{"id":145,"date":"2024-10-01T13:29:13","date_gmt":"2024-10-01T11:29:13","guid":{"rendered":"https:\/\/web.cs.infn.it\/wordpress\/?page_id=145"},"modified":"2024-10-01T13:29:27","modified_gmt":"2024-10-01T11:29:27","slug":"gruppo-1","status":"publish","type":"page","link":"https:\/\/web.cs.infn.it\/wordpress\/membri-e-gruppi\/gruppo-1\/","title":{"rendered":"Gruppo 1"},"content":{"rendered":"\n<p><strong>Fisica subnucleare sperimentale agli acceleratori di particelle (responsabile prof. M.Schioppa)<br>&nbsp;<br>ATLAS<\/strong><br>&nbsp;<br>ATLAS \u00e8 uno dei 4 apparati sperimentali che studiano le interazioni adrone-adrone al collisionatore LHC al CERN, la pi\u00f9 potente macchina acceleratrice finora costruita ed attualmente operante a 13 TeV nel centro di massa.<br>La Collaborazione ATLAS \u00e8 formata da circa 3000 fisici di 183 istituti di ricerca ed Universit\u00e0 provenienti da 38 nazioni. \u00c8 una delle pi\u00f9 ampie collaborazioni scientifiche al mondo. Circa 1200 studenti di dottorato sono annualmente coinvolti sia sullo sviluppo di rivelatori che di data-taking e analisi dati. Ultimo ma non meno importante \u00e8 il contributo di ingegneri, tecnologi, tecnici ed amministrativi. Il programma di ricerca dell&#8217;esperimento \u00e8 molto ampio e spazia dalle misure di precisione nell&#8217;ambito del modello standard delle particelle elementari e delle loro mutue interazioni (MS) alla ricerca diretta della materia oscura, di particelle previste in modelli teorici pi\u00f9 ampi del MS (e.g. SUSY), la misura delle propriet\u00e0 del bosone di Higgs la cui scoperta \u00e8 stata annunciata il 4 luglio 2012 dalle collaborazioni ATLAS e CMS.<br>Il Gruppo ATLAS-Cosenza (responsabile prof. M. Schioppa) ha realizzato e testato nei suoi laboratori i 36000 tubi a deriva delle camere MDT del primo guscio dello spettrometro per muoni nella regione angolare denominata barrel. Ha curato il commissionamento delle camere MDT al CERN e la loro istallazione sull&#8217;esperimento. Ha svolto test su nuove miscele gassose da impiegare quando l&#8217;acceleratore fornir\u00e0 il massimo della sua luminosit\u00e0 (LHC-HL).<\/p>\n\n\n\n<p>Oggi i principali impegni del gruppo sono volti all&#8217;upgrade dello spettrometro per muoni e del rivelatore centrale, oltre curare diverse analisi dati e studi di performance del rivelatore.<br><br><strong>KLOE<\/strong><br>KLOE \u00e8 un esperimento all&#8217;acceleratore DAFNE elettrone-positrone dei laboratori nazionali di Frascati. Con energia nel centro di massa di 1020MeV la macchina produce il mesone vettore phi i cui canali di decadimento contengono principalmente mesoni scalari K con i quali \u00e8 possibile eseguire misure della violazione della parit\u00e0 CP.<br>Il gruppo collegato di Cosenza ha partecipato alla realizzazione del calorimetro QCAT e della camera di vertice che impiega per la prima volta al mondo la tecnologia GEM in geometria cilindrica.<\/p>\n","protected":false},"excerpt":{"rendered":"<p>Fisica subnucleare sperimentale agli acceleratori di particelle (responsabile prof. M.Schioppa)&nbsp;ATLAS&nbsp;ATLAS \u00e8 uno dei 4 apparati sperimentali che studiano le interazioni adrone-adrone al collisionatore LHC al CERN, la pi\u00f9 potente macchina acceleratrice finora costruita ed attualmente operante a 13 TeV nel centro di massa.La Collaborazione ATLAS \u00e8 formata da circa 3000 fisici di 183 istituti di [&hellip;]<\/p>\n","protected":false},"author":1,"featured_media":0,"parent":141,"menu_order":0,"comment_status":"closed","ping_status":"closed","template":"","meta":{"footnotes":""},"class_list":["post-145","page","type-page","status-publish","hentry"],"_links":{"self":[{"href":"https:\/\/web.cs.infn.it\/wordpress\/wp-json\/wp\/v2\/pages\/145","targetHints":{"allow":["GET"]}}],"collection":[{"href":"https:\/\/web.cs.infn.it\/wordpress\/wp-json\/wp\/v2\/pages"}],"about":[{"href":"https:\/\/web.cs.infn.it\/wordpress\/wp-json\/wp\/v2\/types\/page"}],"author":[{"embeddable":true,"href":"https:\/\/web.cs.infn.it\/wordpress\/wp-json\/wp\/v2\/users\/1"}],"replies":[{"embeddable":true,"href":"https:\/\/web.cs.infn.it\/wordpress\/wp-json\/wp\/v2\/comments?post=145"}],"version-history":[{"count":1,"href":"https:\/\/web.cs.infn.it\/wordpress\/wp-json\/wp\/v2\/pages\/145\/revisions"}],"predecessor-version":[{"id":146,"href":"https:\/\/web.cs.infn.it\/wordpress\/wp-json\/wp\/v2\/pages\/145\/revisions\/146"}],"up":[{"embeddable":true,"href":"https:\/\/web.cs.infn.it\/wordpress\/wp-json\/wp\/v2\/pages\/141"}],"wp:attachment":[{"href":"https:\/\/web.cs.infn.it\/wordpress\/wp-json\/wp\/v2\/media?parent=145"}],"curies":[{"name":"wp","href":"https:\/\/api.w.org\/{rel}","templated":true}]}}